{"id":3648,"date":"2025-04-16T20:53:28","date_gmt":"2025-04-16T20:53:28","guid":{"rendered":"https:\/\/celineaccolas.com\/?page_id=3648"},"modified":"2025-04-16T20:57:18","modified_gmt":"2025-04-16T20:57:18","slug":"tarifs_videos","status":"publish","type":"page","link":"https:\/\/celineaccolas.com\/?page_id=3648","title":{"rendered":"Vid\u00e9os"},"content":{"rendered":"<p>[et_pb_section fb_built=\u00a0\u00bb1&Prime; admin_label=\u00a0\u00bbHeader formules\u00a0\u00bb _builder_version=\u00a0\u00bb4.27.3&Prime; _module_preset=\u00a0\u00bb74c69059-8e69-4122-b1e6-dfeabf6c5711&Prime; use_background_color_gradient=\u00a0\u00bbon\u00a0\u00bb background_color_gradient_stops=\u00a0\u00bbrgba(0,0,0,0.6) 0%|rgba(0,0,0,0.9) 100%\u00a0\u00bb background_color_gradient_overlays_image=\u00a0\u00bbon\u00a0\u00bb background_color_gradient_start=\u00a0\u00bbrgba(0,0,0,0.5)\u00a0\u00bb background_color_gradient_end=\u00a0\u00bbrgba(0,0,0,0.75)\u00a0\u00bb background_image=\u00a0\u00bbhttps:\/\/celineaccolas.com\/wp-content\/uploads\/2024\/11\/zora-catt2.png\u00a0\u00bb custom_padding=\u00a0\u00bb8%||0px||false|false\u00a0\u00bb da_disable_devices=\u00a0\u00bboff|off|off\u00a0\u00bb locked=\u00a0\u00bboff\u00a0\u00bb collapsed=\u00a0\u00bbon\u00a0\u00bb global_colors_info=\u00a0\u00bb{}\u00a0\u00bb da_is_popup=\u00a0\u00bboff\u00a0\u00bb da_exit_intent=\u00a0\u00bboff\u00a0\u00bb da_has_close=\u00a0\u00bbon\u00a0\u00bb da_alt_close=\u00a0\u00bboff\u00a0\u00bb da_dark_close=\u00a0\u00bboff\u00a0\u00bb da_not_modal=\u00a0\u00bbon\u00a0\u00bb da_is_singular=\u00a0\u00bboff\u00a0\u00bb da_with_loader=\u00a0\u00bboff\u00a0\u00bb da_has_shadow=\u00a0\u00bbon\u00a0\u00bb][et_pb_row admin_label=\u00a0\u00bbPresentation header\u00a0\u00bb _builder_version=\u00a0\u00bb4.18.0&Prime; _module_preset=\u00a0\u00bb5138c454-be54-4233-bd3b-f8e6a8747976&Prime; locked=\u00a0\u00bboff\u00a0\u00bb global_colors_info=\u00a0\u00bb{}\u00a0\u00bb][et_pb_column type=\u00a0\u00bb4_4&Prime; _builder_version=\u00a0\u00bb4.16&Prime; _module_preset=\u00a0\u00bb73121f80-a3ef-4484-8763-c3f18e3c56d2&Prime; global_colors_info=\u00a0\u00bb{}\u00a0\u00bb][et_pb_heading title=\u00a0\u00bbExplore les Offres de Souvenirs\u00a0\u00bb admin_label=\u00a0\u00bbsous titre \u00a0\u00bb _builder_version=\u00a0\u00bb4.27.3&Prime; _module_preset=\u00a0\u00bbf0c675ea-2574-4d0e-b725-30f8550a8550&Prime; title_level=\u00a0\u00bbh4&Prime; title_font=\u00a0\u00bbPoppins|Cormorant Garamond_weight||on|||||\u00a0\u00bb title_text_color=\u00a0\u00bb#FFFFFF\u00a0\u00bb title_font_size=\u00a0\u00bb14px\u00a0\u00bb title_letter_spacing=\u00a0\u00bb1px\u00a0\u00bb title_line_height=\u00a0\u00bb1.4em\u00a0\u00bb custom_margin=\u00a0\u00bb||10px||false|false\u00a0\u00bb title_font_size_tablet=\u00a0\u00bb13px\u00a0\u00bb title_font_size_phone=\u00a0\u00bb13px\u00a0\u00bb title_font_size_last_edited=\u00a0\u00bbon|desktop\u00a0\u00bb locked=\u00a0\u00bboff\u00a0\u00bb global_colors_info=\u00a0\u00bb{%22#22577a%22:%91%22title_text_color%22%93}\u00a0\u00bb][\/et_pb_heading][et_pb_heading title=\u00a0\u00bbPhotographe et vid\u00e9aste sp\u00e9cialis\u00e9e en portrait animalier\u00a0\u00bb admin_label=\u00a0\u00bbTitre principal\u00a0\u00bb _builder_version=\u00a0\u00bb4.27.3&Prime; _module_preset=\u00a0\u00bbddeb8c09-9078-4424-bc15-2efb6572e28e\u00a0\u00bb title_font=\u00a0\u00bbSulphur Point|Cormorant Garamond_weight||on|||||\u00a0\u00bb title_text_color=\u00a0\u00bb#FFFFFF\u00a0\u00bb title_font_size=\u00a0\u00bb72px\u00a0\u00bb title_line_height=\u00a0\u00bb1.15em\u00a0\u00bb title_font_size_tablet=\u00a0\u00bb40px\u00a0\u00bb title_font_size_phone=\u00a0\u00bb24px\u00a0\u00bb title_font_size_last_edited=\u00a0\u00bbon|phone\u00a0\u00bb locked=\u00a0\u00bboff\u00a0\u00bb global_colors_info=\u00a0\u00bb{}\u00a0\u00bb][\/et_pb_heading][et_pb_text quote_border_color=\u00a0\u00bb#FFFFFF\u00a0\u00bb admin_label=\u00a0\u00bbPresentation\u00a0\u00bb _builder_version=\u00a0\u00bb4.27.3&Prime; _module_preset=\u00a0\u00bb0504de1e-f5ff-4281-ba60-cbbe4edf98bc\u00a0\u00bb text_font=\u00a0\u00bbBellota Text|Proza Libre_weight|||||||\u00a0\u00bb text_text_color=\u00a0\u00bb#FFFFFF\u00a0\u00bb text_font_size=\u00a0\u00bb16px\u00a0\u00bb text_line_height=\u00a0\u00bb1.75em\u00a0\u00bb link_font=\u00a0\u00bb||||on||||\u00a0\u00bb link_text_color=\u00a0\u00bb#FFFFFF\u00a0\u00bb quote_font=\u00a0\u00bbCormorant Garamond|Cormorant Garamond_weight|||||||\u00a0\u00bb quote_text_color=\u00a0\u00bb#FFFFFF\u00a0\u00bb header_font=\u00a0\u00bbCormorant Garamond|Cormorant Garamond_weight|||||||\u00a0\u00bb header_text_color=\u00a0\u00bb#FFFFFF\u00a0\u00bb header_font_size=\u00a0\u00bb72px\u00a0\u00bb header_line_height=\u00a0\u00bb1.15em\u00a0\u00bb header_2_font=\u00a0\u00bbCormorant Garamond|Cormorant Garamond_weight|||||||\u00a0\u00bb header_2_text_color=\u00a0\u00bb#FFFFFF\u00a0\u00bb header_2_font_size=\u00a0\u00bb50px\u00a0\u00bb header_2_line_height=\u00a0\u00bb1.2em\u00a0\u00bb header_3_font=\u00a0\u00bbCormorant Garamond|Cormorant Garamond_weight|||||||\u00a0\u00bb header_3_text_color=\u00a0\u00bb#FFFFFF\u00a0\u00bb header_3_font_size=\u00a0\u00bb32px\u00a0\u00bb header_3_line_height=\u00a0\u00bb1.3em\u00a0\u00bb header_4_font=\u00a0\u00bbCormorant Garamond|Cormorant Garamond_weight|||||||\u00a0\u00bb header_4_text_color=\u00a0\u00bb#FFFFFF\u00a0\u00bb header_4_font_size=\u00a0\u00bb24px\u00a0\u00bb header_4_line_height=\u00a0\u00bb1.4em\u00a0\u00bb header_5_font=\u00a0\u00bbCormorant Garamond|Cormorant Garamond_weight|||||||\u00a0\u00bb header_5_text_color=\u00a0\u00bb#FFFFFF\u00a0\u00bb header_5_font_size=\u00a0\u00bb18px\u00a0\u00bb header_5_line_height=\u00a0\u00bb1.4em\u00a0\u00bb header_6_font=\u00a0\u00bbCormorant Garamond|Cormorant Garamond_weight|||||||\u00a0\u00bb header_6_text_color=\u00a0\u00bb#FFFFFF\u00a0\u00bb header_6_line_height=\u00a0\u00bb1.5em\u00a0\u00bb custom_margin=\u00a0\u00bb||||false|false\u00a0\u00bb text_font_size_tablet=\u00a0\u00bb15px\u00a0\u00bb text_font_size_phone=\u00a0\u00bb14px\u00a0\u00bb text_font_size_last_edited=\u00a0\u00bbon|phone\u00a0\u00bb header_font_size_tablet=\u00a0\u00bb40px\u00a0\u00bb header_font_size_phone=\u00a0\u00bb24px\u00a0\u00bb header_font_size_last_edited=\u00a0\u00bbon|desktop\u00a0\u00bb header_2_font_size_tablet=\u00a0\u00bb28px\u00a0\u00bb header_2_font_size_phone=\u00a0\u00bb20px\u00a0\u00bb header_2_font_size_last_edited=\u00a0\u00bbon|phone\u00a0\u00bb header_3_font_size_tablet=\u00a0\u00bb22px\u00a0\u00bb header_3_font_size_phone=\u00a0\u00bb17px\u00a0\u00bb header_3_font_size_last_edited=\u00a0\u00bbon|phone\u00a0\u00bb header_4_font_size_tablet=\u00a0\u00bb18px\u00a0\u00bb header_4_font_size_phone=\u00a0\u00bb15px\u00a0\u00bb header_4_font_size_last_edited=\u00a0\u00bbon|tablet\u00a0\u00bb header_5_font_size_tablet=\u00a0\u00bb15px\u00a0\u00bb header_5_font_size_phone=\u00a0\u00bb14px\u00a0\u00bb header_5_font_size_last_edited=\u00a0\u00bbon|desktop\u00a0\u00bb header_6_font_size_tablet=\u00a0\u00bb13px\u00a0\u00bb header_6_font_size_phone=\u00a0\u00bb13px\u00a0\u00bb header_6_font_size_last_edited=\u00a0\u00bbon|desktop\u00a0\u00bb locked=\u00a0\u00bboff\u00a0\u00bb global_colors_info=\u00a0\u00bb{}\u00a0\u00bb]<\/p>\n<p><span>D\u00e9couvrez mes formules de photographie, pens\u00e9es pour transformer chaque instant en souvenir pr\u00e9cieux, que ce soit en mettant en valeur vos animaux de compagnie ou en cr\u00e9ant des portraits authentiques qui vous ressemblent.<\/span><\/p>\n<p>[\/et_pb_text][\/et_pb_column][\/et_pb_row][et_pb_row column_structure=\u00a0\u00bb1_4,1_4,1_4,1_4&Prime; make_equal=\u00a0\u00bbon\u00a0\u00bb admin_label=\u00a0\u00bbPr\u00e9sentation services\u00a0\u00bb _builder_version=\u00a0\u00bb4.27.4&Prime; _module_preset=\u00a0\u00bb5138c454-be54-4233-bd3b-f8e6a8747976&Prime; background_color=\u00a0\u00bb#FFFFFF\u00a0\u00bb width_tablet=\u00a0\u00bb\u00a0\u00bb width_phone=\u00a0\u00bb90%\u00a0\u00bb width_last_edited=\u00a0\u00bbon|phone\u00a0\u00bb custom_margin=\u00a0\u00bb8%||||false|false\u00a0\u00bb custom_padding=\u00a0\u00bb0px||0px||true|false\u00a0\u00bb border_radii=\u00a0\u00bboff||6px||\u00a0\u00bb border_radii_tablet=\u00a0\u00bboff||6px||\u00a0\u00bb border_radii_phone=\u00a0\u00bboff||6px||\u00a0\u00bb border_radii_last_edited=\u00a0\u00bbon|desktop\u00a0\u00bb box_shadow_style=\u00a0\u00bbpreset4&Prime; box_shadow_horizontal=\u00a0\u00bb-31vw\u00a0\u00bb box_shadow_vertical=\u00a0\u00bb0px\u00a0\u00bb box_shadow_color=\u00a0\u00bb#FFFFFF\u00a0\u00bb global_colors_info=\u00a0\u00bb{}\u00a0\u00bb][et_pb_column type=\u00a0\u00bb1_4&Prime; admin_label=\u00a0\u00bbPortrait exterieur\u00a0\u00bb _builder_version=\u00a0\u00bb4.16&Prime; _module_preset=\u00a0\u00bb73121f80-a3ef-4484-8763-c3f18e3c56d2&Prime; custom_padding=\u00a0\u00bb30px||||false|false\u00a0\u00bb custom_padding_tablet=\u00a0\u00bb40px|20px|40px||true|false\u00a0\u00bb custom_padding_phone=\u00a0\u00bb30px||30px||true|true\u00a0\u00bb custom_padding_last_edited=\u00a0\u00bboff|desktop\u00a0\u00bb global_colors_info=\u00a0\u00bb{}\u00a0\u00bb][et_pb_blurb title=\u00a0\u00bbPortrait ext\u00e9rieur\u00a0\u00bb use_icon=\u00a0\u00bbon\u00a0\u00bb font_icon=\u00a0\u00bb&#xf083;||fa||900&Prime; icon_color=\u00a0\u00bb#002A57&Prime; icon_placement=\u00a0\u00bbleft\u00a0\u00bb image_icon_width=\u00a0\u00bb24px\u00a0\u00bb content_max_width=\u00a0\u00bb100%\u00a0\u00bb admin_label=\u00a0\u00bbR\u00e9sum\u00e9\u00a0\u00bb _builder_version=\u00a0\u00bb4.27.3&Prime; _module_preset=\u00a0\u00bb1ea53d41-9439-472c-8d8b-7bddb3bf9444&Prime; header_font=\u00a0\u00bbPoppins|Cormorant Garamond_weight||on|||||\u00a0\u00bb header_text_color=\u00a0\u00bb#111111&Prime; header_font_size=\u00a0\u00bb14px\u00a0\u00bb header_line_height=\u00a0\u00bb1.5em\u00a0\u00bb body_font=\u00a0\u00bbSulphur Point||||||||\u00a0\u00bb body_text_color=\u00a0\u00bbrgba(0,0,0,0.64)\u00a0\u00bb body_font_size=\u00a0\u00bb12px\u00a0\u00bb body_line_height=\u00a0\u00bb1.75em\u00a0\u00bb body_link_text_color=\u00a0\u00bb#22577a\u00a0\u00bb animation=\u00a0\u00bboff\u00a0\u00bb header_font_size_tablet=\u00a0\u00bb13px\u00a0\u00bb header_font_size_phone=\u00a0\u00bb13px\u00a0\u00bb header_font_size_last_edited=\u00a0\u00bboff|desktop\u00a0\u00bb body_font_size_tablet=\u00a0\u00bb15px\u00a0\u00bb body_font_size_phone=\u00a0\u00bb14px\u00a0\u00bb body_font_size_last_edited=\u00a0\u00bboff|desktop\u00a0\u00bb border_radii_image=\u00a0\u00bbon|6px|6px|6px|6px\u00a0\u00bb global_colors_info=\u00a0\u00bb{}\u00a0\u00bb]<\/p>\n<p>Profitez de s\u00e9ances photo ou vid\u00e9o en plein air pour des portraits authentiques et naturels.<\/p>\n<p>[\/et_pb_blurb][\/et_pb_column][et_pb_column type=\u00a0\u00bb1_4&Prime; admin_label=\u00a0\u00bbIris\u00a0\u00bb _builder_version=\u00a0\u00bb4.16&Prime; _module_preset=\u00a0\u00bb73121f80-a3ef-4484-8763-c3f18e3c56d2&Prime; custom_padding=\u00a0\u00bb30px||||false|false\u00a0\u00bb custom_padding_tablet=\u00a0\u00bb40px|20px|40px||true|false\u00a0\u00bb custom_padding_phone=\u00a0\u00bb30px||30px||true|true\u00a0\u00bb custom_padding_last_edited=\u00a0\u00bboff|desktop\u00a0\u00bb global_colors_info=\u00a0\u00bb{}\u00a0\u00bb][et_pb_blurb title=\u00a0\u00bbIris\u00a0\u00bb use_icon=\u00a0\u00bbon\u00a0\u00bb font_icon=\u00a0\u00bb&#xf06e;||fa||900&Prime; icon_color=\u00a0\u00bb#032B35&Prime; icon_placement=\u00a0\u00bbleft\u00a0\u00bb image_icon_width=\u00a0\u00bb24px\u00a0\u00bb content_max_width=\u00a0\u00bb100%\u00a0\u00bb admin_label=\u00a0\u00bbR\u00e9sum\u00e9\u00a0\u00bb _builder_version=\u00a0\u00bb4.27.3&Prime; _module_preset=\u00a0\u00bb1ea53d41-9439-472c-8d8b-7bddb3bf9444&Prime; header_font=\u00a0\u00bbPoppins|Cormorant Garamond_weight||on|||||\u00a0\u00bb header_text_color=\u00a0\u00bb#111111&Prime; header_font_size=\u00a0\u00bb14px\u00a0\u00bb header_line_height=\u00a0\u00bb1.5em\u00a0\u00bb body_font=\u00a0\u00bbSulphur Point||||||||\u00a0\u00bb body_text_color=\u00a0\u00bbrgba(0,0,0,0.64)\u00a0\u00bb body_font_size=\u00a0\u00bb12px\u00a0\u00bb body_line_height=\u00a0\u00bb1.75em\u00a0\u00bb body_link_text_color=\u00a0\u00bb#22577a\u00a0\u00bb animation=\u00a0\u00bboff\u00a0\u00bb header_font_size_tablet=\u00a0\u00bb13px\u00a0\u00bb header_font_size_phone=\u00a0\u00bb13px\u00a0\u00bb header_font_size_last_edited=\u00a0\u00bboff|desktop\u00a0\u00bb body_font_size_tablet=\u00a0\u00bb15px\u00a0\u00bb body_font_size_phone=\u00a0\u00bb14px\u00a0\u00bb body_font_size_last_edited=\u00a0\u00bboff|desktop\u00a0\u00bb border_radii_image=\u00a0\u00bbon|6px|6px|6px|6px\u00a0\u00bb global_colors_info=\u00a0\u00bb{}\u00a0\u00bb]<\/p>\n<p><span>R\u00e9v\u00e9lez la beaut\u00e9 singuli\u00e8re de votre iris avec des portraits artistiques uniques.<\/span><\/p>\n<p>[\/et_pb_blurb][\/et_pb_column][et_pb_column type=\u00a0\u00bb1_4&Prime; admin_label=\u00a0\u00bbOeil \u00e0 oeil\u00a0\u00bb _builder_version=\u00a0\u00bb4.27.3&Prime; _module_preset=\u00a0\u00bb73121f80-a3ef-4484-8763-c3f18e3c56d2&Prime; custom_padding=\u00a0\u00bb30px||||false|false\u00a0\u00bb custom_padding_tablet=\u00a0\u00bb40px|20px|40px||true|false\u00a0\u00bb custom_padding_phone=\u00a0\u00bb30px||30px||true|true\u00a0\u00bb custom_padding_last_edited=\u00a0\u00bboff|desktop\u00a0\u00bb global_colors_info=\u00a0\u00bb{}\u00a0\u00bb][et_pb_blurb title=\u00a0\u00bbOeil \u00e0 oeil\u00a0\u00bb use_icon=\u00a0\u00bbon\u00a0\u00bb font_icon=\u00a0\u00bb&#xf6d3;||fa||900&Prime; icon_color=\u00a0\u00bb#032B35&Prime; icon_placement=\u00a0\u00bbleft\u00a0\u00bb image_icon_width=\u00a0\u00bb24px\u00a0\u00bb content_max_width=\u00a0\u00bb100%\u00a0\u00bb admin_label=\u00a0\u00bbR\u00e9sum\u00e9\u00a0\u00bb _builder_version=\u00a0\u00bb4.27.3&Prime; _module_preset=\u00a0\u00bb1ea53d41-9439-472c-8d8b-7bddb3bf9444&Prime; header_font=\u00a0\u00bbPoppins|Cormorant Garamond_weight||on|||||\u00a0\u00bb header_text_color=\u00a0\u00bb#111111&Prime; header_font_size=\u00a0\u00bb14px\u00a0\u00bb header_line_height=\u00a0\u00bb1.5em\u00a0\u00bb body_font=\u00a0\u00bbSulphur Point||||||||\u00a0\u00bb body_text_color=\u00a0\u00bbrgba(0,0,0,0.64)\u00a0\u00bb body_font_size=\u00a0\u00bb12px\u00a0\u00bb body_line_height=\u00a0\u00bb1.75em\u00a0\u00bb body_link_text_color=\u00a0\u00bb#22577a\u00a0\u00bb animation=\u00a0\u00bboff\u00a0\u00bb header_font_size_tablet=\u00a0\u00bb13px\u00a0\u00bb header_font_size_phone=\u00a0\u00bb13px\u00a0\u00bb header_font_size_last_edited=\u00a0\u00bboff|desktop\u00a0\u00bb body_font_size_tablet=\u00a0\u00bb15px\u00a0\u00bb body_font_size_phone=\u00a0\u00bb14px\u00a0\u00bb body_font_size_last_edited=\u00a0\u00bboff|desktop\u00a0\u00bb border_radii_image=\u00a0\u00bbon|6px|6px|6px|6px\u00a0\u00bb global_colors_info=\u00a0\u00bb{}\u00a0\u00bb]<\/p>\n<p><span>Capturez l&rsquo;intensit\u00e9 d\u2019un regard dans un portrait \u0153il contre \u0153il, r\u00e9v\u00e9lant une connexion unique et authentique.<\/span><\/p>\n<p>[\/et_pb_blurb][\/et_pb_column][et_pb_column type=\u00a0\u00bb1_4&Prime; admin_label=\u00a0\u00bbOeil \u00e0 oeil\u00a0\u00bb _builder_version=\u00a0\u00bb4.27.4&Prime; _module_preset=\u00a0\u00bb73121f80-a3ef-4484-8763-c3f18e3c56d2&Prime; custom_padding=\u00a0\u00bb30px||||false|false\u00a0\u00bb custom_padding_tablet=\u00a0\u00bb40px|20px|40px||true|false\u00a0\u00bb custom_padding_phone=\u00a0\u00bb30px||30px||true|true\u00a0\u00bb custom_padding_last_edited=\u00a0\u00bboff|desktop\u00a0\u00bb global_colors_info=\u00a0\u00bb{}\u00a0\u00bb][et_pb_blurb title=\u00a0\u00bbVid\u00e9os\u00a0\u00bb use_icon=\u00a0\u00bbon\u00a0\u00bb font_icon=\u00a0\u00bb&#xf03d;||fa||900&Prime; icon_color=\u00a0\u00bb#032B35&Prime; icon_placement=\u00a0\u00bbleft\u00a0\u00bb image_icon_width=\u00a0\u00bb24px\u00a0\u00bb content_max_width=\u00a0\u00bb100%\u00a0\u00bb admin_label=\u00a0\u00bbR\u00e9sum\u00e9\u00a0\u00bb _builder_version=\u00a0\u00bb4.27.4&Prime; _module_preset=\u00a0\u00bb1ea53d41-9439-472c-8d8b-7bddb3bf9444&Prime; header_font=\u00a0\u00bbPoppins|Cormorant Garamond_weight||on|||||\u00a0\u00bb header_text_color=\u00a0\u00bb#111111&Prime; header_font_size=\u00a0\u00bb14px\u00a0\u00bb header_line_height=\u00a0\u00bb1.5em\u00a0\u00bb body_font=\u00a0\u00bbSulphur Point||||||||\u00a0\u00bb body_text_color=\u00a0\u00bbrgba(0,0,0,0.64)\u00a0\u00bb body_font_size=\u00a0\u00bb12px\u00a0\u00bb body_line_height=\u00a0\u00bb1.75em\u00a0\u00bb body_link_text_color=\u00a0\u00bb#22577a\u00a0\u00bb animation=\u00a0\u00bboff\u00a0\u00bb header_font_size_tablet=\u00a0\u00bb13px\u00a0\u00bb header_font_size_phone=\u00a0\u00bb13px\u00a0\u00bb header_font_size_last_edited=\u00a0\u00bboff|desktop\u00a0\u00bb body_font_size_tablet=\u00a0\u00bb15px\u00a0\u00bb body_font_size_phone=\u00a0\u00bb14px\u00a0\u00bb body_font_size_last_edited=\u00a0\u00bboff|desktop\u00a0\u00bb border_radii_image=\u00a0\u00bbon|6px|6px|6px|6px\u00a0\u00bb global_colors_info=\u00a0\u00bb{}\u00a0\u00bb]<\/p>\n<p><span>Faites vivre vos souvenirs \u00e0 travers une vid\u00e9o pleine de sens et d\u2019\u00e9motion.<\/span><\/p>\n<p>[\/et_pb_blurb][\/et_pb_column][\/et_pb_row][\/et_pb_section][et_pb_section fb_built=\u00a0\u00bb1&Prime; custom_padding_last_edited=\u00a0\u00bbon|desktop\u00a0\u00bb admin_label=\u00a0\u00bbTarifs vid\u00e9os\u00a0\u00bb _builder_version=\u00a0\u00bb4.27.3&Prime; _module_preset=\u00a0\u00bbdefault\u00a0\u00bb custom_padding=\u00a0\u00bb11px||14px||false|false\u00a0\u00bb custom_padding_tablet=\u00a0\u00bb51px||||false|false\u00a0\u00bb custom_padding_phone=\u00a0\u00bb7px||||false|false\u00a0\u00bb da_disable_devices=\u00a0\u00bboff|off|off\u00a0\u00bb locked=\u00a0\u00bboff\u00a0\u00bb collapsed=\u00a0\u00bbon\u00a0\u00bb global_colors_info=\u00a0\u00bb{}\u00a0\u00bb da_is_popup=\u00a0\u00bboff\u00a0\u00bb da_exit_intent=\u00a0\u00bboff\u00a0\u00bb da_has_close=\u00a0\u00bbon\u00a0\u00bb da_alt_close=\u00a0\u00bboff\u00a0\u00bb da_dark_close=\u00a0\u00bboff\u00a0\u00bb da_not_modal=\u00a0\u00bbon\u00a0\u00bb da_is_singular=\u00a0\u00bboff\u00a0\u00bb da_with_loader=\u00a0\u00bboff\u00a0\u00bb da_has_shadow=\u00a0\u00bbon\u00a0\u00bb][et_pb_row admin_label=\u00a0\u00bbformat\u00a0\u00bb _builder_version=\u00a0\u00bb4.27.3&Prime; _module_preset=\u00a0\u00bb5138c454-be54-4233-bd3b-f8e6a8747976&Prime; custom_padding=\u00a0\u00bb||0px|||\u00a0\u00bb locked=\u00a0\u00bboff\u00a0\u00bb global_colors_info=\u00a0\u00bb{}\u00a0\u00bb][et_pb_column type=\u00a0\u00bb4_4&Prime; _builder_version=\u00a0\u00bb4.16&Prime; _module_preset=\u00a0\u00bb73121f80-a3ef-4484-8763-c3f18e3c56d2&Prime; global_colors_info=\u00a0\u00bb{}\u00a0\u00bb][et_pb_heading title=\u00a0\u00bbFormat vid\u00e9os\u00a0\u00bb _builder_version=\u00a0\u00bb4.27.3&Prime; _module_preset=\u00a0\u00bbc33f07d9-41e0-421a-8799-5799df695cce\u00a0\u00bb title_level=\u00a0\u00bbh2&Prime; title_font=\u00a0\u00bbSulphur Point|700|||||||\u00a0\u00bb title_text_align=\u00a0\u00bbcenter\u00a0\u00bb title_text_color=\u00a0\u00bb#111111&Prime; title_font_size=\u00a0\u00bb50px\u00a0\u00bb title_line_height=\u00a0\u00bb1.2em\u00a0\u00bb custom_margin=\u00a0\u00bb||10px||false|false\u00a0\u00bb title_font_size_tablet=\u00a0\u00bb45px\u00a0\u00bb title_font_size_phone=\u00a0\u00bb35px\u00a0\u00bb title_font_size_last_edited=\u00a0\u00bbon|phone\u00a0\u00bb global_colors_info=\u00a0\u00bb{}\u00a0\u00bb][\/et_pb_heading][et_pb_text _builder_version=\u00a0\u00bb4.27.3&Prime; text_font=\u00a0\u00bbBellota Text||||||||\u00a0\u00bb text_font_size=\u00a0\u00bb15px\u00a0\u00bb header_text_color=\u00a0\u00bb#000000&Prime; header_3_font=\u00a0\u00bbSulphur Point||||||||\u00a0\u00bb header_3_text_color=\u00a0\u00bb#000000&Prime; header_3_font_size=\u00a0\u00bb26px\u00a0\u00bb header_3_letter_spacing=\u00a0\u00bb1px\u00a0\u00bb header_3_line_height=\u00a0\u00bb1.6em\u00a0\u00bb custom_margin=\u00a0\u00bb34px|21px|34px|21px|true|true\u00a0\u00bb header_3_font_size_tablet=\u00a0\u00bb26px\u00a0\u00bb header_3_font_size_phone=\u00a0\u00bb20px\u00a0\u00bb header_3_font_size_last_edited=\u00a0\u00bbon|phone\u00a0\u00bb locked=\u00a0\u00bboff\u00a0\u00bb global_colors_info=\u00a0\u00bb{}\u00a0\u00bb]<\/p>\n<p><span>Je propose \u00e9galement des formules vid\u00e9os en tr\u00e8s haute d\u00e9finition, id\u00e9ales pour mettre en valeur votre activit\u00e9 ou pr\u00e9senter votre entreprise sous son meilleur jour. Que ce soit pour des vid\u00e9os professionnelles, des portraits d\u2019entreprise ou des contenus cr\u00e9atifs, chaque projet est r\u00e9alis\u00e9 sur mesure, en fonction de vos besoins. Les prestations vid\u00e9o sont disponibles sur devis, afin de vous offrir un service adapt\u00e9 \u00e0 vos attentes.<\/span><\/p>\n<p>[\/et_pb_text][\/et_pb_column][\/et_pb_row][et_pb_row _builder_version=\u00a0\u00bb4.27.3&Prime; _module_preset=\u00a0\u00bbdefault\u00a0\u00bb global_colors_info=\u00a0\u00bb{}\u00a0\u00bb][et_pb_column type=\u00a0\u00bb4_4&Prime; _builder_version=\u00a0\u00bb4.27.3&Prime; _module_preset=\u00a0\u00bbdefault\u00a0\u00bb global_colors_info=\u00a0\u00bb{}\u00a0\u00bb][et_pb_video src=\u00a0\u00bbhttps:\/\/celineaccolas.com\/wp-content\/uploads\/2024\/12\/VIDEO_OURS_BRUN.mp4&Prime; image_src=\u00a0\u00bbhttps:\/\/celineaccolas.com\/wp-content\/uploads\/2024\/12\/VIDEO_OURS_BRUN.png\u00a0\u00bb _builder_version=\u00a0\u00bb4.27.3&Prime; _module_preset=\u00a0\u00bbdefault\u00a0\u00bb custom_margin=\u00a0\u00bb||33px||false|false\u00a0\u00bb global_colors_info=\u00a0\u00bb{}\u00a0\u00bb][\/et_pb_video][et_pb_button button_url=\u00a0\u00bb@ET-DC@eyJkeW5hbWljIjp0cnVlLCJjb250ZW50IjoicG9zdF9saW5rX3VybF9wYWdlIiwic2V0dGluZ3MiOnsicG9zdF9pZCI6IjMzNDMifX0=@\u00a0\u00bb button_text=\u00a0\u00bbDemander un devis\u00a0\u00bb button_alignment=\u00a0\u00bbright\u00a0\u00bb admin_label=\u00a0\u00bbBouton voir les offres\u00a0\u00bb _builder_version=\u00a0\u00bb4.27.4&Prime; _dynamic_attributes=\u00a0\u00bbbutton_url\u00a0\u00bb _module_preset=\u00a0\u00bbab15fb74-61a3-43aa-96b3-41e09aeef654&Prime; custom_button=\u00a0\u00bbon\u00a0\u00bb button_text_size=\u00a0\u00bb14px\u00a0\u00bb button_text_color=\u00a0\u00bb#FFFFFF\u00a0\u00bb button_bg_color=\u00a0\u00bb#000000&Prime; button_border_width=\u00a0\u00bb0px\u00a0\u00bb button_border_color=\u00a0\u00bb#471F00&Prime; button_border_radius=\u00a0\u00bb100px\u00a0\u00bb button_font=\u00a0\u00bbPoppins|700||on|||||\u00a0\u00bb custom_padding=\u00a0\u00bb12px|24px|12px|24px|true|true\u00a0\u00bb locked=\u00a0\u00bboff\u00a0\u00bb global_colors_info=\u00a0\u00bb{}\u00a0\u00bb][\/et_pb_button][\/et_pb_column][\/et_pb_row][\/et_pb_section]<\/p>\n","protected":false},"excerpt":{"rendered":"<p>D\u00e9couvrez mes formules de photographie, pens\u00e9es pour transformer chaque instant en souvenir pr\u00e9cieux, que ce soit en mettant en valeur vos animaux de compagnie ou en cr\u00e9ant des portraits authentiques qui vous ressemblent.Profitez de s\u00e9ances photo ou vid\u00e9o en plein air pour des portraits authentiques et naturels.R\u00e9v\u00e9lez la beaut\u00e9 singuli\u00e8re de votre iris avec des [&hellip;]<\/p>\n","protected":false},"author":1,"featured_media":0,"parent":0,"menu_order":0,"comment_status":"closed","ping_status":"closed","template":"","meta":{"_et_pb_use_builder":"on","_et_pb_old_content":"","_et_gb_content_width":"","footnotes":""},"class_list":["post-3648","page","type-page","status-publish","hentry"],"_links":{"self":[{"href":"https:\/\/celineaccolas.com\/index.php?rest_route=\/wp\/v2\/pages\/3648","targetHints":{"allow":["GET"]}}],"collection":[{"href":"https:\/\/celineaccolas.com\/index.php?rest_route=\/wp\/v2\/pages"}],"about":[{"href":"https:\/\/celineaccolas.com\/index.php?rest_route=\/wp\/v2\/types\/page"}],"author":[{"embeddable":true,"href":"https:\/\/celineaccolas.com\/index.php?rest_route=\/wp\/v2\/users\/1"}],"replies":[{"embeddable":true,"href":"https:\/\/celineaccolas.com\/index.php?rest_route=%2Fwp%2Fv2%2Fcomments&post=3648"}],"version-history":[{"count":5,"href":"https:\/\/celineaccolas.com\/index.php?rest_route=\/wp\/v2\/pages\/3648\/revisions"}],"predecessor-version":[{"id":3678,"href":"https:\/\/celineaccolas.com\/index.php?rest_route=\/wp\/v2\/pages\/3648\/revisions\/3678"}],"wp:attachment":[{"href":"https:\/\/celineaccolas.com\/index.php?rest_route=%2Fwp%2Fv2%2Fmedia&parent=3648"}],"curies":[{"name":"wp","href":"https:\/\/api.w.org\/{rel}","templated":true}]}}